{"id":94,"date":"2016-12-19T18:33:26","date_gmt":"2016-12-19T09:33:26","guid":{"rendered":"http:\/\/natowaa.com\/?page_id=94"},"modified":"2020-04-19T19:26:23","modified_gmt":"2020-04-19T17:26:23","slug":"projects","status":"publish","type":"page","link":"http:\/\/takanokunihikoarchitecture.com\/ja\/projects\/","title":{"rendered":"Projects"},"content":{"rendered":"<p class=\"qtranxs-available-languages-message qtranxs-available-languages-message-ja\">\u7533\u3057\u8a33\u3042\u308a\u307e\u305b\u3093\u3001\u3053\u306e\u30b3\u30f3\u30c6\u30f3\u30c4\u306f\u305f\u3060\u4eca\u3000<a href=\"http:\/\/takanokunihikoarchitecture.com\/fr\/wp-json\/wp\/v2\/pages\/94\" class=\"qtranxs-available-language-link qtranxs-available-language-link-fr\" title=\"Fran\u00e7ais\">Fran\u00e7ais<\/a>\u3000\u306e\u307f\u3067\u3059\u3002 For the sake of viewer convenience, the content is shown below in the alternative language. You may click the link to switch the active language.<\/p><p><\/p>\n<h3>PR\u00c9PARATION DE DOSSIER POUR LA DEROGATION AUX REGLES D\u2019ACCESSIBILITE ET DE S\u00c9CURIT\u00c9 INCENDIE<\/h3>\n<p>Proposition d\u2019un service de demande de d\u00e9rogation aux r\u00e8gles d\u2019accessibilit\u00e9 et de s\u00e9curit\u00e9 incendie.<\/p>\n<p>Les locaux commerciaux sont consid\u00e9r\u00e9s comme des \u00c9tablissements Recevant du Public (ERP). Ces locaux sont soumis \u00e0 des obligations visant la s\u00e9curit\u00e9 incendie et l\u2019accessibilit\u00e9.<\/p>\n<p>Depuis 2015, tous les locaux ERP doivent effectuer leur mise aux normes d\u2019accessibilit\u00e9. En cas de difficult\u00e9, la d\u00e9rogation autour de la pr\u00e9fecture de Police est demand\u00e9e pour certains projets architecturaux qui d\u00fbt \u00e0 des contraintes techniques ou projectuelles ne peuvent y adh\u00e9rer dans la totalit\u00e9.<\/p>\n<p>Des solutions de alternatives sont propos\u00e9es pour garantir la s\u00e9curit\u00e9 des personnes dans le b\u00e2timent.<\/p>\n<p>Notre agence \u00e9tablit les documents \u00e9crits et graphiques concern\u00e9s.<\/p>","protected":false},"excerpt":{"rendered":"<p>\u7533\u3057\u8a33\u3042\u308a\u307e\u305b\u3093\u3001\u3053\u306e\u30b3\u30f3\u30c6\u30f3\u30c4\u306f\u305f\u3060\u4eca\u3000Fran\u00e7ais\u3000\u306e\u307f\u3067\u3059\u3002 For the sake of viewer convenience, the content is shown below in the alte [&hellip;]<\/p>\n","protected":false},"author":1,"featured_media":0,"parent":0,"menu_order":0,"comment_status":"closed","ping_status":"closed","template":"","meta":{"footnotes":""},"_links":{"self":[{"href":"http:\/\/takanokunihikoarchitecture.com\/ja\/wp-json\/wp\/v2\/pages\/94"}],"collection":[{"href":"http:\/\/takanokunihikoarchitecture.com\/ja\/wp-json\/wp\/v2\/pages"}],"about":[{"href":"http:\/\/takanokunihikoarchitecture.com\/ja\/wp-json\/wp\/v2\/types\/page"}],"author":[{"embeddable":true,"href":"http:\/\/takanokunihikoarchitecture.com\/ja\/wp-json\/wp\/v2\/users\/1"}],"replies":[{"embeddable":true,"href":"http:\/\/takanokunihikoarchitecture.com\/ja\/wp-json\/wp\/v2\/comments?post=94"}],"version-history":[{"count":4,"href":"http:\/\/takanokunihikoarchitecture.com\/ja\/wp-json\/wp\/v2\/pages\/94\/revisions"}],"predecessor-version":[{"id":1239,"href":"http:\/\/takanokunihikoarchitecture.com\/ja\/wp-json\/wp\/v2\/pages\/94\/revisions\/1239"}],"wp:attachment":[{"href":"http:\/\/takanokunihikoarchitecture.com\/ja\/wp-json\/wp\/v2\/media?parent=94"}],"curies":[{"name":"wp","href":"https:\/\/api.w.org\/{rel}","templated":true}]}}